{"id":1864,"date":"2023-03-24T17:04:37","date_gmt":"2023-03-24T16:04:37","guid":{"rendered":"https:\/\/demo.titanit.casasoft.ch\/?page_id=1864"},"modified":"2023-04-21T09:37:52","modified_gmt":"2023-04-21T07:37:52","slug":"evaluation","status":"publish","type":"page","link":"https:\/\/demo.titanit.casasoft.ch\/fr\/evaluation\/","title":{"rendered":"Evaluation"},"content":{"rendered":"\n<div \n     class=\"\n        content-wrapper \n        content-wrapper--padding-top-none        content-wrapper--padding-bottom-none \n        content-wrapper--background-color-white \n         \n         \n         \n         \n                \n        banner-slider        \n    \">\n    <div class=\"content-wrapper__anchor\" id=\"\"><\/div>\n    <div class=\"container-fluid \" style=\"margin-top: px; margin-bottom: px;\">\n        <div class=\"acf-innerblocks-container\">\n\n<div \n    class=\"image-module  content-block \">\n            <div class=\"image-module__image\">\n                            <div \n                    class=\"image-module__image__background image-module__image__background--landscape lazyload\n                                        \" \n                    data-bg=\"https:\/\/demo.titanit.casasoft.ch\/wp-content\/uploads\/sites\/2\/2023\/03\/AdobeStock_567934612-1920x1280.jpg\">\n                <\/div>\n                    <\/div>\n    <\/div>\n\n<\/div>\n    <\/div>\n<\/div>\n\n\n<div \n     class=\"\n        content-wrapper \n        content-wrapper--padding-top-default        content-wrapper--padding-bottom-default \n        content-wrapper--background-color-white \n         \n         \n         \n         \n                \n                \n    \">\n    <div class=\"content-wrapper__anchor\" id=\"\"><\/div>\n    <div class=\"container \" style=\"margin-top: px; margin-bottom: px;\">\n        <div class=\"acf-innerblocks-container\">\n\n<div class=\"wp-block-columns is-layout-flex wp-container-core-columns-is-layout-28f84493 wp-block-columns-is-layout-flex\">\n<div class=\"wp-block-column is-layout-flow wp-block-column-is-layout-flow\" style=\"flex-basis:16%\"><\/div>\n\n\n\n<div class=\"wp-block-column is-layout-flow wp-block-column-is-layout-flow\"><div class=\"text-module content-block\">\n            <div class=\"text-module__text cs-text-thin \"> \n            <h1>Nous \u00e9valuons volontiers votre maison ou votre appartement<\/h1>\n        <\/div>\n        <\/div>\n\n\n<div class=\"text-module content-block\">\n            <div class=\"text-module__text cs-text-thin  text-module__text--offset \"> \n            <p>Le march\u00e9 de l&rsquo;immobilier en Suisse est r\u00e9put\u00e9 pour sa stabilit\u00e9 et sa qualit\u00e9, mais aussi pour ses prix \u00e9lev\u00e9s. En raison de la demande croissante et de la raret\u00e9 des terrains disponibles, les prix de l&rsquo;immobilier sont g\u00e9n\u00e9ralement plus \u00e9lev\u00e9s que dans d&rsquo;autres pays europ\u00e9ens. Les grandes villes suisses, comme Zurich et Gen\u00e8ve, sont particuli\u00e8rement pris\u00e9es en raison de leur statut de centres \u00e9conomiques et financiers. Les acheteurs \u00e9trangers sont souvent confront\u00e9s \u00e0 des restrictions sur l&rsquo;acquisition de biens immobiliers en Suisse, ce qui rend le march\u00e9 local tr\u00e8s comp\u00e9titif.<\/p>\n        <\/div>\n        <\/div>\n<\/div>\n\n\n\n<div class=\"wp-block-column is-layout-flow wp-block-column-is-layout-flow\" style=\"flex-basis:16%\"><\/div>\n<\/div>\n\n<\/div>\n    <\/div>\n<\/div>\n\n\n<div \n     class=\"\n        content-wrapper \n        content-wrapper--padding-top-default        content-wrapper--padding-bottom-default \n        content-wrapper--background-color-light \n         \n         \n         \n         \n                \n                \n    \">\n    <div class=\"content-wrapper__anchor\" id=\"\"><\/div>\n    <div class=\"container \" style=\"margin-top: px; margin-bottom: px;\">\n        <div class=\"acf-innerblocks-container\">\n\n<div class=\"wp-block-columns is-layout-flex wp-container-core-columns-is-layout-28f84493 wp-block-columns-is-layout-flex\">\n<div class=\"wp-block-column is-layout-flow wp-block-column-is-layout-flow\"><div class=\"text-module content-block\">\n            <div class=\"text-module__text cs-text-thin \"> \n            <h2>Objets \u00e0 louer<\/h2>\n<p>Le march\u00e9 de l&rsquo;immobilier en Suisse est r\u00e9put\u00e9 pour sa stabilit\u00e9 et sa qualit\u00e9, mais aussi pour ses prix \u00e9lev\u00e9s. En raison de la demande croissante et de la raret\u00e9 des terrains disponibles, les prix de l&rsquo;immobilier sont g\u00e9n\u00e9ralement plus \u00e9lev\u00e9s que dans d&rsquo;autres pays europ\u00e9ens. Les grandes villes suisses, comme Zurich et Gen\u00e8ve, sont particuli\u00e8rement pris\u00e9es en raison de leur statut de centres \u00e9conomiques et financiers. Les acheteurs \u00e9trangers sont souvent confront\u00e9s \u00e0 des restrictions sur l&rsquo;acquisition de biens immobiliers en Suisse, ce qui rend le march\u00e9 local tr\u00e8s comp\u00e9titif.<\/p>\n        <\/div>\n        <\/div>\n<\/div>\n\n\n\n<div class=\"wp-block-column is-layout-flow wp-block-column-is-layout-flow\"><div class=\"text-module content-block\">\n            <div class=\"text-module__text cs-text-thin \"> \n            <h2>Objets \u00e0 acheter<\/h2>\n<p>Le march\u00e9 de l&rsquo;immobilier en Suisse est r\u00e9put\u00e9 pour sa stabilit\u00e9 et sa qualit\u00e9, mais aussi pour ses prix \u00e9lev\u00e9s. En raison de la demande croissante et de la raret\u00e9 des terrains disponibles, les prix de l&rsquo;immobilier sont g\u00e9n\u00e9ralement plus \u00e9lev\u00e9s que dans d&rsquo;autres pays europ\u00e9ens. Les grandes villes suisses, comme Zurich et Gen\u00e8ve, sont particuli\u00e8rement pris\u00e9es en raison de leur statut de centres \u00e9conomiques et financiers. Les acheteurs \u00e9trangers sont souvent confront\u00e9s \u00e0 des restrictions sur l&rsquo;acquisition de biens immobiliers en Suisse, ce qui rend le march\u00e9 local tr\u00e8s comp\u00e9titif.<\/p>\n        <\/div>\n        <\/div>\n<\/div>\n<\/div>\n\n<\/div>\n    <\/div>\n<\/div>\n\n\n<div \n     class=\"\n        content-wrapper \n        content-wrapper--padding-top-default        content-wrapper--padding-bottom-default \n        content-wrapper--background-color-white \n         \n         \n         \n         \n                \n                \n    \">\n    <div class=\"content-wrapper__anchor\" id=\"\"><\/div>\n    <div class=\"container \" style=\"margin-top: px; margin-bottom: px;\">\n        <div class=\"acf-innerblocks-container\">\n<div class=\"text-module content-block\">\n            <div class=\"text-module__text cs-text-thin \"> \n            <h4>\u00c9VALUATION EN LIGNE<\/h4>\n<h2>\u00c9valuation immobili\u00e8re en trois \u00e9tapes<\/h2>\n        <\/div>\n        <\/div>\n\n\n\n<div class=\"wp-block-columns is-layout-flex wp-container-core-columns-is-layout-28f84493 wp-block-columns-is-layout-flex\">\n<div class=\"wp-block-column is-layout-flow wp-block-column-is-layout-flow\">\n<div class=\"box-wrapper \n        box-wrapper--background-color-white \n        margin-bottom-md\n        content-block \n                    box-wrapper--icon\n                            buttons-position-absolute\n                    \">\n    \n    \n            <div class=\"box-wrapper__image box-wrapper__image--left\">\n                            <img \n                    class=\"img-fluid box-wrapper__image__img lazyload box-wrapper__image__img--left\" \n                    width=\"30\" \n                    height=\"42\" \n                    data-src=\"https:\/\/demo.titanit.casasoft.ch\/wp-content\/uploads\/sites\/2\/2023\/03\/1.png\" \n                    alt=\"\">\n                    <\/div>\n    \n    <div class=\"acf-innerblocks-container\">\n<div class=\"text-module content-block\">\n            <div class=\"text-module__text cs-text-thin \"> \n            <h3>D\u00e9crire le bien immobilier<\/h3>\n<p>Le march\u00e9 de l&rsquo;immobilier en Suisse est r\u00e9put\u00e9 pour sa stabilit\u00e9 et sa qualit\u00e9, mais aussi pour ses prix \u00e9lev\u00e9s. En raison de la demande croissante et de la raret\u00e9 des terrains disponibles, les prix de l&rsquo;immobilier sont g\u00e9n\u00e9ralement plus \u00e9lev\u00e9s que dans d&rsquo;autres pays europ\u00e9ens.<\/p>\n        <\/div>\n        <\/div>\n\n<\/div>\n<\/div>\n<div class=\"box-padder\"><\/div><\/div>\n\n\n\n<div class=\"wp-block-column is-layout-flow wp-block-column-is-layout-flow\">\n<div class=\"box-wrapper \n        box-wrapper--background-color-white \n        margin-bottom-md\n        content-block \n                    box-wrapper--icon\n                            buttons-position-absolute\n                    \">\n    \n    \n            <div class=\"box-wrapper__image box-wrapper__image--left\">\n                            <img \n                    class=\"img-fluid box-wrapper__image__img lazyload box-wrapper__image__img--left\" \n                    width=\"30\" \n                    height=\"43\" \n                    data-src=\"https:\/\/demo.titanit.casasoft.ch\/wp-content\/uploads\/sites\/2\/2023\/03\/2.png\" \n                    alt=\"\">\n                    <\/div>\n    \n    <div class=\"acf-innerblocks-container\">\n<div class=\"text-module content-block\">\n            <div class=\"text-module__text cs-text-thin \"> \n            <h3>La valeur du bien immobilier est analys\u00e9e<\/h3>\n<p>Le march\u00e9 de l&rsquo;immobilier en Suisse est r\u00e9put\u00e9 pour sa stabilit\u00e9 et sa qualit\u00e9, mais aussi pour ses prix \u00e9lev\u00e9s. En raison de la demande croissante et de la raret\u00e9 des terrains disponibles, les prix de l&rsquo;immobilier sont g\u00e9n\u00e9ralement plus \u00e9lev\u00e9s que dans d&rsquo;autres pays europ\u00e9ens.<\/p>\n        <\/div>\n        <\/div>\n\n<\/div>\n<\/div>\n<div class=\"box-padder\"><\/div><\/div>\n\n\n\n<div class=\"wp-block-column is-layout-flow wp-block-column-is-layout-flow\">\n<div class=\"box-wrapper \n        box-wrapper--background-color-white \n        margin-bottom-md\n        content-block \n                    box-wrapper--icon\n                            buttons-position-absolute\n                    \">\n    \n    \n            <div class=\"box-wrapper__image box-wrapper__image--left\">\n                            <img \n                    class=\"img-fluid box-wrapper__image__img lazyload box-wrapper__image__img--left\" \n                    width=\"31\" \n                    height=\"44\" \n                    data-src=\"https:\/\/demo.titanit.casasoft.ch\/wp-content\/uploads\/sites\/2\/2023\/03\/3.png\" \n                    alt=\"\">\n                    <\/div>\n    \n    <div class=\"acf-innerblocks-container\">\n<div class=\"text-module content-block\">\n            <div class=\"text-module__text cs-text-thin \"> \n            <h3>Obtenir le r\u00e9sultat en ligne<\/h3>\n<p>Le march\u00e9 de l&rsquo;immobilier en Suisse est r\u00e9put\u00e9 pour sa stabilit\u00e9 et sa qualit\u00e9, mais aussi pour ses prix \u00e9lev\u00e9s. En raison de la demande croissante et de la raret\u00e9 des terrains disponibles, les prix de l&rsquo;immobilier sont g\u00e9n\u00e9ralement plus \u00e9lev\u00e9s que dans d&rsquo;autres pays europ\u00e9ens.<\/p>\n        <\/div>\n        <\/div>\n\n<\/div>\n<\/div>\n<div class=\"box-padder\"><\/div><\/div>\n<\/div>\n\n<\/div>\n    <\/div>\n<\/div>","protected":false},"excerpt":{"rendered":"","protected":false},"author":1,"featured_media":0,"parent":0,"menu_order":0,"comment_status":"closed","ping_status":"closed","template":"","meta":{"_acf_changed":false,"inline_featured_image":false,"footnotes":""},"class_list":["post-1864","page","type-page","status-publish","hentry"],"acf":[],"yoast_head":"<!-- This site is optimized with the Yoast SEO plugin v27.5 - https:\/\/yoast.com\/product\/yoast-seo-wordpress\/ -->\n<title>Evaluation - CASAWEB Titanit Demo<\/title>\n<meta name=\"robots\" content=\"index, follow, max-snippet:-1, max-image-preview:large, max-video-preview:-1\" \/>\n<link rel=\"canonical\" href=\"https:\/\/demo.titanit.casasoft.ch\/fr\/evaluation\/\" \/>\n<meta property=\"og:locale\" content=\"fr_FR\" \/>\n<meta property=\"og:type\" content=\"article\" \/>\n<meta property=\"og:title\" content=\"Evaluation - CASAWEB Titanit Demo\" \/>\n<meta property=\"og:url\" content=\"https:\/\/demo.titanit.casasoft.ch\/fr\/evaluation\/\" \/>\n<meta property=\"og:site_name\" content=\"CASAWEB Titanit Demo\" \/>\n<meta property=\"article:modified_time\" content=\"2023-04-21T07:37:52+00:00\" \/>\n<meta name=\"twitter:card\" content=\"summary_large_image\" \/>\n<script type=\"application\/ld+json\" class=\"yoast-schema-graph\">{\"@context\":\"https:\\\/\\\/schema.org\",\"@graph\":[{\"@type\":\"WebPage\",\"@id\":\"https:\\\/\\\/demo.titanit.casasoft.ch\\\/fr\\\/evaluation\\\/\",\"url\":\"https:\\\/\\\/demo.titanit.casasoft.ch\\\/fr\\\/evaluation\\\/\",\"name\":\"Evaluation - CASAWEB Titanit Demo\",\"isPartOf\":{\"@id\":\"https:\\\/\\\/demo.titanit.casasoft.ch\\\/#website\"},\"datePublished\":\"2023-03-24T16:04:37+00:00\",\"dateModified\":\"2023-04-21T07:37:52+00:00\",\"breadcrumb\":{\"@id\":\"https:\\\/\\\/demo.titanit.casasoft.ch\\\/fr\\\/evaluation\\\/#breadcrumb\"},\"inLanguage\":\"fr-FR\",\"potentialAction\":[{\"@type\":\"ReadAction\",\"target\":[\"https:\\\/\\\/demo.titanit.casasoft.ch\\\/fr\\\/evaluation\\\/\"]}]},{\"@type\":\"BreadcrumbList\",\"@id\":\"https:\\\/\\\/demo.titanit.casasoft.ch\\\/fr\\\/evaluation\\\/#breadcrumb\",\"itemListElement\":[{\"@type\":\"ListItem\",\"position\":1,\"name\":\"Home\",\"item\":\"https:\\\/\\\/demo.titanit.casasoft.ch\\\/fr\\\/\"},{\"@type\":\"ListItem\",\"position\":2,\"name\":\"Evaluation\"}]},{\"@type\":\"WebSite\",\"@id\":\"https:\\\/\\\/demo.titanit.casasoft.ch\\\/#website\",\"url\":\"https:\\\/\\\/demo.titanit.casasoft.ch\\\/\",\"name\":\"CASAWEB Titanit Demo\",\"description\":\"\",\"publisher\":{\"@id\":\"https:\\\/\\\/demo.titanit.casasoft.ch\\\/#organization\"},\"potentialAction\":[{\"@type\":\"SearchAction\",\"target\":{\"@type\":\"EntryPoint\",\"urlTemplate\":\"https:\\\/\\\/demo.titanit.casasoft.ch\\\/?s={search_term_string}\"},\"query-input\":{\"@type\":\"PropertyValueSpecification\",\"valueRequired\":true,\"valueName\":\"search_term_string\"}}],\"inLanguage\":\"fr-FR\"},{\"@type\":\"Organization\",\"@id\":\"https:\\\/\\\/demo.titanit.casasoft.ch\\\/#organization\",\"name\":\"CASAWEB Titanit Demo\",\"url\":\"https:\\\/\\\/demo.titanit.casasoft.ch\\\/\",\"logo\":{\"@type\":\"ImageObject\",\"inLanguage\":\"fr-FR\",\"@id\":\"https:\\\/\\\/demo.titanit.casasoft.ch\\\/#\\\/schema\\\/logo\\\/image\\\/\",\"url\":\"https:\\\/\\\/demo.titanit.casasoft.ch\\\/wp-content\\\/uploads\\\/sites\\\/2\\\/2023\\\/04\\\/Titanit-CASAWEB.svg\",\"contentUrl\":\"https:\\\/\\\/demo.titanit.casasoft.ch\\\/wp-content\\\/uploads\\\/sites\\\/2\\\/2023\\\/04\\\/Titanit-CASAWEB.svg\",\"width\":950,\"height\":260,\"caption\":\"CASAWEB Titanit Demo\"},\"image\":{\"@id\":\"https:\\\/\\\/demo.titanit.casasoft.ch\\\/#\\\/schema\\\/logo\\\/image\\\/\"}}]}<\/script>\n<!-- \/ Yoast SEO plugin. -->","yoast_head_json":{"title":"Evaluation - CASAWEB Titanit Demo","robots":{"index":"index","follow":"follow","max-snippet":"max-snippet:-1","max-image-preview":"max-image-preview:large","max-video-preview":"max-video-preview:-1"},"canonical":"https:\/\/demo.titanit.casasoft.ch\/fr\/evaluation\/","og_locale":"fr_FR","og_type":"article","og_title":"Evaluation - CASAWEB Titanit Demo","og_url":"https:\/\/demo.titanit.casasoft.ch\/fr\/evaluation\/","og_site_name":"CASAWEB Titanit Demo","article_modified_time":"2023-04-21T07:37:52+00:00","twitter_card":"summary_large_image","schema":{"@context":"https:\/\/schema.org","@graph":[{"@type":"WebPage","@id":"https:\/\/demo.titanit.casasoft.ch\/fr\/evaluation\/","url":"https:\/\/demo.titanit.casasoft.ch\/fr\/evaluation\/","name":"Evaluation - CASAWEB Titanit Demo","isPartOf":{"@id":"https:\/\/demo.titanit.casasoft.ch\/#website"},"datePublished":"2023-03-24T16:04:37+00:00","dateModified":"2023-04-21T07:37:52+00:00","breadcrumb":{"@id":"https:\/\/demo.titanit.casasoft.ch\/fr\/evaluation\/#breadcrumb"},"inLanguage":"fr-FR","potentialAction":[{"@type":"ReadAction","target":["https:\/\/demo.titanit.casasoft.ch\/fr\/evaluation\/"]}]},{"@type":"BreadcrumbList","@id":"https:\/\/demo.titanit.casasoft.ch\/fr\/evaluation\/#breadcrumb","itemListElement":[{"@type":"ListItem","position":1,"name":"Home","item":"https:\/\/demo.titanit.casasoft.ch\/fr\/"},{"@type":"ListItem","position":2,"name":"Evaluation"}]},{"@type":"WebSite","@id":"https:\/\/demo.titanit.casasoft.ch\/#website","url":"https:\/\/demo.titanit.casasoft.ch\/","name":"CASAWEB Titanit Demo","description":"","publisher":{"@id":"https:\/\/demo.titanit.casasoft.ch\/#organization"},"potentialAction":[{"@type":"SearchAction","target":{"@type":"EntryPoint","urlTemplate":"https:\/\/demo.titanit.casasoft.ch\/?s={search_term_string}"},"query-input":{"@type":"PropertyValueSpecification","valueRequired":true,"valueName":"search_term_string"}}],"inLanguage":"fr-FR"},{"@type":"Organization","@id":"https:\/\/demo.titanit.casasoft.ch\/#organization","name":"CASAWEB Titanit Demo","url":"https:\/\/demo.titanit.casasoft.ch\/","logo":{"@type":"ImageObject","inLanguage":"fr-FR","@id":"https:\/\/demo.titanit.casasoft.ch\/#\/schema\/logo\/image\/","url":"https:\/\/demo.titanit.casasoft.ch\/wp-content\/uploads\/sites\/2\/2023\/04\/Titanit-CASAWEB.svg","contentUrl":"https:\/\/demo.titanit.casasoft.ch\/wp-content\/uploads\/sites\/2\/2023\/04\/Titanit-CASAWEB.svg","width":950,"height":260,"caption":"CASAWEB Titanit Demo"},"image":{"@id":"https:\/\/demo.titanit.casasoft.ch\/#\/schema\/logo\/image\/"}}]}},"_links":{"self":[{"href":"https:\/\/demo.titanit.casasoft.ch\/fr\/wp-json\/wp\/v2\/pages\/1864","targetHints":{"allow":["GET"]}}],"collection":[{"href":"https:\/\/demo.titanit.casasoft.ch\/fr\/wp-json\/wp\/v2\/pages"}],"about":[{"href":"https:\/\/demo.titanit.casasoft.ch\/fr\/wp-json\/wp\/v2\/types\/page"}],"author":[{"embeddable":true,"href":"https:\/\/demo.titanit.casasoft.ch\/fr\/wp-json\/wp\/v2\/users\/1"}],"replies":[{"embeddable":true,"href":"https:\/\/demo.titanit.casasoft.ch\/fr\/wp-json\/wp\/v2\/comments?post=1864"}],"version-history":[{"count":0,"href":"https:\/\/demo.titanit.casasoft.ch\/fr\/wp-json\/wp\/v2\/pages\/1864\/revisions"}],"wp:attachment":[{"href":"https:\/\/demo.titanit.casasoft.ch\/fr\/wp-json\/wp\/v2\/media?parent=1864"}],"curies":[{"name":"wp","href":"https:\/\/api.w.org\/{rel}","templated":true}]}}